{"id":9499,"date":"2024-01-09T10:39:50","date_gmt":"2024-01-09T10:39:50","guid":{"rendered":"https:\/\/www.europeansforartsakh.eu\/?page_id=9499"},"modified":"2024-01-14T14:41:06","modified_gmt":"2024-01-14T14:41:06","slug":"petition","status":"publish","type":"page","link":"https:\/\/www.europeansforartsakh.eu\/fr\/petition\/","title":{"rendered":"P\u00e9tition"},"content":{"rendered":"<div data-elementor-type=\"wp-page\" data-elementor-id=\"9499\" class=\"elementor elementor-9499\">\n\t\t\t\t\t\t\t\t\t<section class=\"elementor-section elementor-top-section elementor-element elementor-element-d6fc692 elementor-section-boxed elementor-section-height-default elementor-section-height-default\" data-id=\"d6fc692\" data-element_type=\"section\">\n\t\t\t\t\t\t<div class=\"elementor-container elementor-column-gap-default\">\n\t\t\t\t\t<div class=\"elementor-column elementor-col-100 elementor-top-column elementor-element elementor-element-d850a2a\" data-id=\"d850a2a\" data-element_type=\"column\">\n\t\t\t<div class=\"elementor-widget-wrap elementor-element-populated\">\n\t\t\t\t\t\t\t\t<div class=\"elementor-element elementor-element-5e80c4b elementor-widget elementor-widget-text-editor\" data-id=\"5e80c4b\" data-element_type=\"widget\" data-widget_type=\"text-editor.default\">\n\t\t\t\t<div class=\"elementor-widget-container\">\n\t\t\t<style>\/*! elementor - v3.15.0 - 09-08-2023 *\/\n.elementor-widget-text-editor.elementor-drop-cap-view-stacked .elementor-drop-cap{background-color:#69727d;color:#fff}.elementor-widget-text-editor.elementor-drop-cap-view-framed .elementor-drop-cap{color:#69727d;border:3px solid;background-color:transparent}.elementor-widget-text-editor:not(.elementor-drop-cap-view-default) .elementor-drop-cap{margin-top:8px}.elementor-widget-text-editor:not(.elementor-drop-cap-view-default) .elementor-drop-cap-letter{width:1em;height:1em}.elementor-widget-text-editor .elementor-drop-cap{float:left;text-align:center;line-height:1;font-size:50px}.elementor-widget-text-editor .elementor-drop-cap-letter{display:inline-block}<\/style>\t\t\t\t<h3>L\u2019APPEL DES ORGANISATIONS DE LA SOCI\u00c9T\u00c9 CIVILE EN EUROPE<\/h3><p>Signons cet appel ! Soyons des Ambassadeurs de la Cause des Arm\u00e9niens d\u2019Artsakh !<\/p>\t\t\t\t\t\t<\/div>\n\t\t\t\t<\/div>\n\t\t\t\t\t<\/div>\n\t\t<\/div>\n\t\t\t\t\t\t\t<\/div>\n\t\t<\/section>\n\t\t\t\t<section class=\"elementor-section elementor-top-section elementor-element elementor-element-3affe99 elementor-section-boxed elementor-section-height-default elementor-section-height-default\" data-id=\"3affe99\" data-element_type=\"section\">\n\t\t\t\t\t\t<div class=\"elementor-container elementor-column-gap-default\">\n\t\t\t\t\t<div class=\"elementor-column elementor-col-100 elementor-top-column elementor-element elementor-element-d15822a\" data-id=\"d15822a\" data-element_type=\"column\">\n\t\t\t<div class=\"elementor-widget-wrap elementor-element-populated\">\n\t\t\t\t\t\t\t\t<div class=\"elementor-element elementor-element-c5fe1bf elementor-button-danger elementor-widget elementor-widget-button\" data-id=\"c5fe1bf\" data-element_type=\"widget\" data-no-translation=\"\" data-widget_type=\"button.default\">\n\t\t\t\t<div class=\"elementor-widget-container\">\n\t\t\t<style>.elementor-element-c5fe1bf{display:none !important}<\/style>\t\t<\/div>\n\t\t\t\t<\/div>\n\t\t\t\t\t<\/div>\n\t\t<\/div>\n\t\t\t\t\t\t\t<\/div>\n\t\t<\/section>\n\t\t\t\t<section class=\"elementor-section elementor-top-section elementor-element elementor-element-f3bc490 elementor-section-boxed elementor-section-height-default elementor-section-height-default\" data-id=\"f3bc490\" data-element_type=\"section\">\n\t\t\t\t\t\t<div class=\"elementor-container elementor-column-gap-default\">\n\t\t\t\t\t<div class=\"elementor-column elementor-col-100 elementor-top-column elementor-element elementor-element-76d0d89\" data-id=\"76d0d89\" data-element_type=\"column\">\n\t\t\t<div class=\"elementor-widget-wrap elementor-element-populated\">\n\t\t\t\t\t\t\t\t<div class=\"elementor-element elementor-element-5fecbc9 elementor-button-danger elementor-widget elementor-widget-button\" data-id=\"5fecbc9\" data-element_type=\"widget\" data-no-translation=\"\" data-widget_type=\"button.default\">\n\t\t\t\t<div class=\"elementor-widget-container\">\n\t\t\t\t\t<div class=\"elementor-button-wrapper\">\n\t\t\t<a class=\"elementor-button elementor-button-link elementor-size-sm\" href=\"mailto:europeansforartsakh@gmail.com?subject=Soutien%20Europeans%20For%20Artsakh&#038;body=Bonjour,%0D%0A%20Nous%20soutenons%20les%20droits%20des%20Arm\u00e9niens%20de%20l&#039;Artsakh%20(Haut-Karabagh)%20en%20signant%20la%20p\u00e9tition%20Europeans%20for%20Artsakh.%0D%0A%0D%0ANom%20de%20l&#039;Association%20:%20%0D%0ANom%20du%20Pr\u00e9sident%20:%20%0D%0AAdresse%20si\u00e8ge%20social%20:%20%0D%0AContact%20t\u00e9l\u00e9phonique%20:%20%0D%0AContact%20Mail%20:%20%0D%0A%0D%0ACordialement,\">\n\t\t\t\t\t\t<span class=\"elementor-button-content-wrapper\">\n\t\t\t\t\t\t<span class=\"elementor-button-icon elementor-align-icon-left\">\n\t\t\t\t<i aria-hidden=\"true\" class=\"fas fa-pencil-alt\"><\/i>\t\t\t<\/span>\n\t\t\t\t\t\t<span class=\"elementor-button-text\">Je signe cette p\u00e9tition en cliquant ici<\/span>\n\t\t<\/span>\n\t\t\t\t\t<\/a>\n\t\t<\/div>\n\t\t\t\t<\/div>\n\t\t\t\t<\/div>\n\t\t\t\t\t<\/div>\n\t\t<\/div>\n\t\t\t\t\t\t\t<\/div>\n\t\t<\/section>\n\t\t\t\t<section class=\"elementor-section elementor-top-section elementor-element elementor-element-acfe32e elementor-section-boxed elementor-section-height-default elementor-section-height-default\" data-id=\"acfe32e\" data-element_type=\"section\">\n\t\t\t\t\t\t<div class=\"elementor-container elementor-column-gap-default\">\n\t\t\t\t\t<div class=\"elementor-column elementor-col-100 elementor-top-column elementor-element elementor-element-59809b8\" data-id=\"59809b8\" data-element_type=\"column\">\n\t\t\t<div class=\"elementor-widget-wrap elementor-element-populated\">\n\t\t\t\t\t\t\t\t<div class=\"elementor-element elementor-element-9b36796 elementor-widget elementor-widget-text-editor\" data-id=\"9b36796\" data-element_type=\"widget\" data-widget_type=\"text-editor.default\">\n\t\t\t\t<div class=\"elementor-widget-container\">\n\t\t\t\t\t\t\t<p>Madame la Pr\u00e9sidente, Monsieur le Pr\u00e9sident, Chers Amis,<\/p><p>Comme vous le savez sans doute, le peuple arm\u00e9nien est l\u2019objet d\u2019une v\u00e9ritable trag\u00e9die dans l\u2019Artsakh (Haut-Karabakh).<br \/>L'Azerba\u00efdjan a lanc\u00e9 une agression militaire massive contre la population arm\u00e9nienne autochtone de l'Artsakh depuis septembre 2020 et, plus r\u00e9cemment, depuis le 19 septembre 2023.<br \/>Cette agression sans pr\u00e9c\u00e9dent a conduit plus de 150 000 Arm\u00e9niens dont 30 000 enfants \u00e0 quitter leur terre d\u2019origine pour trouver refuge dans la R\u00e9publique d\u2019Arm\u00e9nie et ce dans les pires conditions qu\u2019il soit.<br \/>Le 5 octobre 2023, les membres du Parlement europ\u00e9en ont adopt\u00e9, \u00e0 une \u00e9crasante majorit\u00e9, une r\u00e9solution condamnant sans \u00e9quivoque le nettoyage ethnique de la population arm\u00e9nienne du Haut-Karabakh par l'Azerba\u00efdjan et demandant la suspension du protocole d'accord sur un partenariat strat\u00e9gique dans le domaine de l'\u00e9nergie entre l'UE et l'Azerba\u00efdjan.<br \/>Dans ce contexte et au travers d\u2019un mouvement Europeans for Artsakh constitu\u00e9 de citoyens europ\u00e9ens engag\u00e9s (500 associations europ\u00e9ennes signataires), nous appelons tous les responsables associatifs \u0153uvrant dans les domaines des droits de l\u2019Homme, cultuelles, culturelles, humanitaire, politique, \u00e0 soutenir le combat du peuple arm\u00e9nien et se joindre \u00e0 nous pour interpeller les instances europ\u00e9ennes (commission \u2013 conseil de l\u2019Europe \u2013 et les chefs d\u2019Etats europ\u00e9ens) pour qu\u2019elles :<br \/>- condamnent l\u2019\u00e9puration ethnique et la politique g\u00e9nocidaire de l\u2019Azerba\u00efdjan et demander des sanctions \u00e0 son encontre,<br \/>- demandent la lib\u00e9ration imm\u00e9diate et sans conditions des prisonniers de guerre et des otages dont les responsables politiques et militaires d\u2019Artsakh<br \/>- exigent la protection de l\u2019Arm\u00e9nie et plus particuli\u00e8rement le territoire arm\u00e9nien de la R\u00e9gion du Syunik convoit\u00e9e par l\u2019Azerba\u00efdjan,<br \/>- contribuent \u00e0 l'\u00e9tablissement de garanties de s\u00e9curit\u00e9 internationales tangibles afin que la population arm\u00e9nienne autochtone du Haut-Karabakh puisse exercer son droit inali\u00e9nable de retourner dans sa propre patrie et fournir au Haut-Karabakh un statut qui sous-tend ce droit.<br \/>Nous vous remercions vivement par avance pour votre soutien, en cliquant le lien en bas de ce mail, et compl\u00e9tant les champs avec les donn\u00e9es de votre association, svp !<\/p><p>Bien \u00e0 vous,<\/p>\t\t\t\t\t\t<\/div>\n\t\t\t\t<\/div>\n\t\t\t\t<div class=\"elementor-element elementor-element-2aa17d7 elementor-button-danger elementor-widget elementor-widget-button\" data-id=\"2aa17d7\" data-element_type=\"widget\" data-no-translation=\"\" data-widget_type=\"button.default\">\n\t\t\t\t<div class=\"elementor-widget-container\">\n\t\t\t<style>.elementor-element-2aa17d7{display:none !important}<\/style>\t\t<\/div>\n\t\t\t\t<\/div>\n\t\t\t\t<div class=\"elementor-element elementor-element-ca9634d elementor-button-danger elementor-widget elementor-widget-button\" data-id=\"ca9634d\" data-element_type=\"widget\" data-no-translation=\"\" data-widget_type=\"button.default\">\n\t\t\t\t<div class=\"elementor-widget-container\">\n\t\t\t\t\t<div class=\"elementor-button-wrapper\">\n\t\t\t<a class=\"elementor-button elementor-button-link elementor-size-sm\" href=\"mailto:europeansforartsakh@gmail.com?subject=Soutien%20Europeans%20For%20Artsakh&#038;body=Bonjour,%0D%0A%20Nous%20soutenons%20les%20droits%20des%20Arm\u00e9niens%20de%20l&#039;Artsakh%20(Haut-Karabagh)%20en%20signant%20la%20p\u00e9tition%20Europeans%20for%20Artsakh.%0D%0A%0D%0ANom%20de%20l&#039;Association%20:%20%0D%0ANom%20du%20Pr\u00e9sident%20:%20%0D%0AAdresse%20si\u00e8ge%20social%20:%20%0D%0AContact%20t\u00e9l\u00e9phonique%20:%20%0D%0AContact%20Mail%20:%20%0D%0A%0D%0ACordialement,\">\n\t\t\t\t\t\t<span class=\"elementor-button-content-wrapper\">\n\t\t\t\t\t\t<span class=\"elementor-button-icon elementor-align-icon-left\">\n\t\t\t\t<i aria-hidden=\"true\" class=\"fas fa-pencil-alt\"><\/i>\t\t\t<\/span>\n\t\t\t\t\t\t<span class=\"elementor-button-text\">Je signe cette p\u00e9tition en cliquant ici<\/span>\n\t\t<\/span>\n\t\t\t\t\t<\/a>\n\t\t<\/div>\n\t\t\t\t<\/div>\n\t\t\t\t<\/div>\n\t\t\t\t\t<\/div>\n\t\t<\/div>\n\t\t\t\t\t\t\t<\/div>\n\t\t<\/section>\n\t\t\t\t\t\t\t<\/div>","protected":false},"excerpt":{"rendered":"<p>THE APPEAL OF CIVIL SOCIETY ORGANISATIONS IN EUROPE Become an Ambassador for the Armenians of Artsakh! Please sign this appeal by clicking here! Dear Friends, [&hellip;]<\/p>","protected":false},"author":1,"featured_media":9498,"parent":0,"menu_order":0,"comment_status":"closed","ping_status":"closed","template":"page-templates\/page_fullwidth.php","meta":{"footnotes":""},"class_list":["post-9499","page","type-page","status-publish","has-post-thumbnail","hentry"],"_links":{"self":[{"href":"https:\/\/www.europeansforartsakh.eu\/fr\/wp-json\/wp\/v2\/pages\/9499","targetHints":{"allow":["GET"]}}],"collection":[{"href":"https:\/\/www.europeansforartsakh.eu\/fr\/wp-json\/wp\/v2\/pages"}],"about":[{"href":"https:\/\/www.europeansforartsakh.eu\/fr\/wp-json\/wp\/v2\/types\/page"}],"author":[{"embeddable":true,"href":"https:\/\/www.europeansforartsakh.eu\/fr\/wp-json\/wp\/v2\/users\/1"}],"replies":[{"embeddable":true,"href":"https:\/\/www.europeansforartsakh.eu\/fr\/wp-json\/wp\/v2\/comments?post=9499"}],"version-history":[{"count":145,"href":"https:\/\/www.europeansforartsakh.eu\/fr\/wp-json\/wp\/v2\/pages\/9499\/revisions"}],"predecessor-version":[{"id":9695,"href":"https:\/\/www.europeansforartsakh.eu\/fr\/wp-json\/wp\/v2\/pages\/9499\/revisions\/9695"}],"wp:featuredmedia":[{"embeddable":true,"href":"https:\/\/www.europeansforartsakh.eu\/fr\/wp-json\/wp\/v2\/media\/9498"}],"wp:attachment":[{"href":"https:\/\/www.europeansforartsakh.eu\/fr\/wp-json\/wp\/v2\/media?parent=9499"}],"curies":[{"name":"wp","href":"https:\/\/api.w.org\/{rel}","templated":true}]}}